{"id":4202,"date":"2020-04-14T19:09:16","date_gmt":"2020-04-15T00:09:16","guid":{"rendered":"https:\/\/mesfix.com\/blog\/?page_id=4202"},"modified":"2021-04-12T17:29:33","modified_gmt":"2021-04-12T22:29:33","slug":"preguntas-y-respuestas-para-inversionistas-sobre-mesfix","status":"publish","type":"page","link":"https:\/\/mesfix.com\/blog\/preguntas-y-respuestas-para-inversionistas-sobre-mesfix\/","title":{"rendered":"Preguntas y respuestas para inversionistas sobre Mesfix"},"content":{"rendered":"\n<p>Sabemos que tienes muchas preguntas sobre Mesfix. A continuaci\u00f3n respondemos alguna de ellas y si a\u00fan tienes inquietudes no dudes en contactarte con nosotros<\/p>\n\n\n\n<h4 style=\"text-align:left;color:#39c2d4;\">\u00bfQu\u00e9 hace Mesfix?<\/h4>\n\n\n\n<p>Mesfix es un emprendimiento fintech, el primer mercado en l\u00ednea de facturas por cobrar en Colombia, que conecta empresas con problemas de liquidez y que tienen cuentas por cobrar con una comunidad de personas interesadas en comprarlas y rentabilizar su dinero. A trav\u00e9s de la plataforma (mesfix.com), la empresa vende su factura por cobrar a plazo con un descuento en nuestro mercado, y, del otro lado, las personas compran parte o la totalidad de la factura vendida a cambio de una rentabilidad. Mesfix nunca toca el dinero, todo pasa de punta a punta por medio de la pasarela de pago.<br><\/p>\n\n\n\n<h4 style=\"text-align:left;color:#39c2d4;\">\u00bfComo invertir en Mesfix? <\/h4>\n\n\n\n<figure class=\"wp-block-embed is-type-video is-provider-youtube wp-block-embed-youtube wp-embed-aspect-16-9 wp-has-aspect-ratio\"><div class=\"wp-block-embed__wrapper\">\n<iframe loading=\"lazy\" title=\"\u00bfC\u00f3mo invertir a trav\u00e9s de Mesfix - Financiaci\u00f3n Inteligente?\" width=\"640\" height=\"360\" src=\"https:\/\/www.youtube.com\/embed\/L7tq_lHXiIQ?feature=oembed&#038;enablejsapi=1&#038;origin=https:\/\/mesfix.com\" frameborder=\"0\" allow=\"accelerometer; autoplay; clipboard-write; encrypted-media; gyroscope; picture-in-picture\" allowfullscreen><\/iframe>\n<\/div><\/figure>\n\n\n\n<p><\/p>\n\n\n\n<figure class=\"wp-block-embed is-type-video is-provider-youtube wp-block-embed-youtube wp-embed-aspect-16-9 wp-has-aspect-ratio\"><div class=\"wp-block-embed__wrapper\">\n<iframe loading=\"lazy\" title=\"Tutorial: \u00bfC\u00f3mo ofertar en una subasta de Mesfix?\" width=\"640\" height=\"360\" src=\"https:\/\/www.youtube.com\/embed\/HAJynsQmx9g?start=24&#038;feature=oembed&#038;enablejsapi=1&#038;origin=https:\/\/mesfix.com\" frameborder=\"0\" allow=\"accelerometer; autoplay; clipboard-write; encrypted-media; gyroscope; picture-in-picture\" allowfullscreen><\/iframe>\n<\/div><\/figure>\n\n\n\n<p><\/p>\n\n\n\n<h4 style=\"text-align:left;color:#39c2d4;\">\u00bfQu\u00e9 documentos necesito para comprar facturas a trav\u00e9s de Mesfix?<\/h4>\n\n\n\n<p>Los documentos que necesitas para inscribirte como inversionista son:<\/p>\n\n\n\n<ul><li>Copia de tu c\u00e9dula de ciudadan\u00eda.<\/li><li>Copia de la declaraci\u00f3n de renta del pen\u00faltimo a\u00f1o. (O certificado de ingresos y retenciones de los \u00faltimos a\u00f1os).<\/li><li>Copia de la declaraci\u00f3n de renta del \u00faltimo a\u00f1o. (O certificado de ingresos y retenciones del pen\u00faltimo a\u00f1o).<\/li><li>Copia del RUT de la persona natural.<\/li><li>Certificaci\u00f3n bancaria de existencia de cuenta corriente o de ahorros principal.<\/li><\/ul>\n\n\n\n<h4 style=\"text-align:left;color:#39c2d4;\">\u00bfA qu\u00e9 plazo est\u00e1n las facturas que se venden?<\/h4>\n\n\n\n<p>Trabajamos con facturas desde 30 hasta 180 d\u00edas de pago.<\/p>\n\n\n\n<h4 style=\"text-align:left;color:#39c2d4;\"> \u00bfPuedo invertir si estoy por fuera del pa\u00eds?<\/h4>\n\n\n\n<p>S\u00ed puedes invertir si est\u00e1s fuera del pa\u00eds siempre y cuando tengas los siguientes documentos:<\/p>\n\n\n\n<ul><li>RUT.<\/li><li>Declaraci\u00f3n de renta o certificado de ingresos de los dos \u00faltimos a\u00f1os.<\/li><li>C\u00e9dula.<\/li><li>Certificaci\u00f3n bancaria de cuenta en Colombia.<\/li><\/ul>\n\n\n\n<h4 style=\"text-align:left;color:#39c2d4;\"> \u00bfEn Mesfix le hacen alg\u00fan estudio de riesgo a las facturas que venden?<\/h4>\n\n\n\n<p>Previo al momento de publicar las facturas en la plataforma, se realiza un filtro de riesgo a la compa\u00f1\u00eda que las ingresa y se eval\u00faa la relaci\u00f3n entre dicha compa\u00f1\u00eda y la que paga las facturas. Con esto, buscamos establecer que haya una relaci\u00f3n comercial s\u00f3lida basada en un hist\u00f3rico de pagos continuos y cumplidos. Para conocer m\u00e1s sobre esto, puedes entrar <a href=\"https:\/\/mesfix.com\/blog\/inversion-inteligente\/donde-invertir-en-tiempos-de-crisis\/\">aqu\u00ed<\/a>.<\/p>\n\n\n\n<p>Adem\u00e1s de todo esto, Mesfix tiene una alianza con un firma de abogados que puede realizar procesos de cobranza judicial y extrajudicial en caso de que exista una demora en el pago.<\/p>\n\n\n\n<h4 style=\"text-align:left;color:#39c2d4;\">\u00bfQu\u00e9 pasa si una empresa se demora en el pago de la factura&nbsp; subastada?<\/h4>\n\n\n\n<p>Lo primero que debes saber es que por cada d\u00eda de demora en el pago de la subasta, se te genera un retorno superior a la tasa ofertada. <\/p>\n\n\n\n<p>Recuerda que en las subastas de Mesfix existen tres fuentes de pago:&nbsp;<\/p>\n\n\n\n<p>1. La compa\u00f1\u00eda pagadora de las facturas.&nbsp; &nbsp;<\/p>\n\n\n\n<p>2. La compa\u00f1\u00eda que las vende, pues esta firma un endoso con responsabilidad.<\/p>\n\n\n\n<p>3. El representante legal y\/o socio mayoritario de la compa\u00f1\u00eda vendedora de la factura, quien avala la operaci\u00f3n.<\/p>\n\n\n\n<p>4.&nbsp; Dependiendo de la operaci\u00f3n, algunas subastas est\u00e1 respaldadas por el Fondo Nacional de Garant\u00edas y\/o Garant\u00edas mobiliarias. <\/p>\n\n\n\n<p>Para conocer m\u00e1s sobre el tema de mora puedes ir a <a href=\"https:\/\/mesfix.com\/blog\/que-pasa-si-tu-subasta-entra-en-mora-en-mesfix\/\" data-type=\"URL\" data-id=\"https:\/\/mesfix.com\/blog\/que-pasa-si-tu-subasta-entra-en-mora-en-mesfix\/\">&#8220;\u00bfQu\u00e9 pasa si tu subasta entra en mora en Mesfix?&#8221;<\/a><\/p>\n","protected":false},"excerpt":{"rendered":"<p>Sabemos que tienes muchas preguntas sobre Mesfix. A continuaci\u00f3n respondemos alguna de ellas y si a\u00fan tienes inquietudes no dudes en contactarte con nosotros \u00bfQu\u00e9 hace Mesfix? Mesfix es un emprendimiento fintech, el primer mercado en l\u00ednea de facturas por cobrar en Colombia, que conecta empresas con problemas de liquidez y que tienen cuentas por &#8230;<\/p>\n","protected":false},"author":1,"featured_media":0,"parent":0,"menu_order":0,"comment_status":"closed","ping_status":"closed","template":"","meta":[],"_links":{"self":[{"href":"https:\/\/mesfix.com\/blog\/wp-json\/wp\/v2\/pages\/4202"}],"collection":[{"href":"https:\/\/mesfix.com\/blog\/wp-json\/wp\/v2\/pages"}],"about":[{"href":"https:\/\/mesfix.com\/blog\/wp-json\/wp\/v2\/types\/page"}],"author":[{"embeddable":true,"href":"https:\/\/mesfix.com\/blog\/wp-json\/wp\/v2\/users\/1"}],"replies":[{"embeddable":true,"href":"https:\/\/mesfix.com\/blog\/wp-json\/wp\/v2\/comments?post=4202"}],"version-history":[{"count":13,"href":"https:\/\/mesfix.com\/blog\/wp-json\/wp\/v2\/pages\/4202\/revisions"}],"predecessor-version":[{"id":4701,"href":"https:\/\/mesfix.com\/blog\/wp-json\/wp\/v2\/pages\/4202\/revisions\/4701"}],"wp:attachment":[{"href":"https:\/\/mesfix.com\/blog\/wp-json\/wp\/v2\/media?parent=4202"}],"curies":[{"name":"wp","href":"https:\/\/api.w.org\/{rel}","templated":true}]}}