{"id":4577,"date":"2021-04-05T11:45:26","date_gmt":"2021-04-05T16:45:26","guid":{"rendered":"https:\/\/mesfix.com\/blog\/?page_id=4577"},"modified":"2021-04-05T11:45:26","modified_gmt":"2021-04-05T16:45:26","slug":"que-pasa-si-tu-subasta-entra-en-mora-en-mesfix","status":"publish","type":"page","link":"https:\/\/mesfix.com\/blog\/que-pasa-si-tu-subasta-entra-en-mora-en-mesfix\/","title":{"rendered":"Mesfix: \u00bfQu\u00e9 pasa si tu subasta entra en mora?"},"content":{"rendered":"\n<p>\u00bfQu\u00e9 pasa si tu subasta entra en mora en Mesfix?<\/p>\n\n\n\n<p><h5 style=\"text-align:left;color:#7B00CD;\">4 preguntas y respuestas sobre el proceso de pago de las facturas que compras<\/h5><\/p>\n\n\n\n<p>El riesgo es inherente a todas las inversiones que realices. Por esta raz\u00f3n, aunque en Mesfix llevamos a cabo un proceso de estudio muy riguroso para conocer con qui\u00e9n operamos y las facturas que operamos, hacer compras a trav\u00e9s de Mesfix tambi\u00e9n tiene un porcentaje de riesgo.<\/p>\n\n\n\n<p>A continuaci\u00f3n respondemos algunas preguntas que puedes tener en relaci\u00f3n al proceso de mora en Mesfix.<\/p>\n\n\n\n<p><h5 style=\"text-align:left;color:#7B00CD;\">1. \u00bfPor qu\u00e9 Mesfix no paga el dinero de la inversi\u00f3n que hice a trav\u00e9s de la plataforma?<\/h5><\/p>\n\n\n\n<p>Mesfix es un corredor que pone a disposici\u00f3n una plataforma tecnol\u00f3gica para que personas interesadas en vender sus facturas por cobrar y, personas interesadas en invertir su dinero a corto plazo, puedan celebrar una compraventa de facturas al descuento. Esto significa que Mesfix conecta dos puntas con necesidades diferentes y crea una relaci\u00f3n gana-gana: las empresas obtienen flujo de caja y las personas encuentran un producto donde invertir su dinero.<\/p>\n\n\n\n<p>Adem\u00e1s, debido a que Mesfix act\u00faa como un facilitador de negocios, no efect\u00faa ning\u00fan tipo de recaudo y\/o pagos directos de dinero por ning\u00fan concepto, todo tu dinero ser\u00e1 recaudado a trav\u00e9s de una pasarela de pagos. Es decir, debido a que Mesfix nunca toca el dinero, la responsabilidad de los pagos recae en el pagador, los avalistas o en las garant\u00edas de cada operaci\u00f3n.<\/p>\n\n\n\n<p><h5 style=\"text-align:left;color:#7B00CD;\">2. \u00bfQu\u00e9 hace Mesfix para disminuir el riesgo de la inversi\u00f3n a trav\u00e9s de la plataforma?<\/h5><\/p>\n\n\n\n<p>Mesfix hace un estudio de riesgo para conocer a las empresas con las que va a operar, esto contribuye a una menor exposici\u00f3n de impago. Si bien toda inversi\u00f3n tiene un riesgo asociado, hay varios mecanismos que implementamos previo al momento de publicar las facturas en la plataforma:<\/p>\n\n\n\n<ol><li>Se eval\u00faa la relaci\u00f3n comercial existente entre la empresa emisora y la empresa que paga las facturas. Con esto buscamos establecer qu\u00e9 tan robusta se encuentra dicha relaci\u00f3n.<\/li><li>Tenemos un mercado de subastas con m\u00faltiples empresas emisoras de facturas y pagadores, lo cual te ayuda a diversificar tu inversi\u00f3n en diferentes subastas.<\/li><li>En algunas operaciones, existen tres fuentes de pago diferentes: 1. La compa\u00f1\u00eda pagadora de las facturas a vender. 2. La compa\u00f1\u00eda que las vende, pues esta firma un endoso con responsabilidad. 3. El representante legal y\/o socio mayoritario de la compa\u00f1\u00eda vendedora de la factura, quien avala la operaci\u00f3n.&nbsp;<\/li><li>Adem\u00e1s, algunas operaciones cuentan con&nbsp; respaldo de Garant\u00edas Mobiliarias o con el respaldo del Fondo Nacional de Garant\u00edas.<\/li><\/ol>\n\n\n\n<p><h5 style=\"text-align:left;color:#7B00CD;\">3. \u00bfQu\u00e9 pasa cuando no me pagan en la fecha estimada?<\/h5><\/p>\n\n\n\n<p>En caso de que tu subasta entre en mora, se realizar\u00e1n los siguientes procesos:<\/p>\n\n\n\n<ul><li><strong>Etapa de gesti\u00f3n de cobranza prejur\u00eddica:&nbsp;<\/strong><\/li><\/ul>\n\n\n\n<p>Una subasta entra en mora cuando&nbsp;<strong>el pagador de la factura no ha realizado el pago de los bienes o servicios prestados por su proveedor, en la fecha acordada.&nbsp;<\/strong><\/p>\n\n\n\n<ul><li><strong>Etapa de gesti\u00f3n de cobranza jur\u00eddica:&nbsp;<\/strong><\/li><\/ul>\n\n\n\n<p>Cuando la gesti\u00f3n prejur\u00eddica no ha surtido efecto, la subasta entra en esta nueva etapa, por lo cual, nuestra firma aliada y experta en ejecuci\u00f3n de t\u00edtulos valores, iniciar\u00e1 todas las gestiones necesarias para la presentaci\u00f3n de la demanda. En todo caso, te avisaremos cuando esto ocurra.&nbsp;<\/p>\n\n\n\n<p>&nbsp;En esta etapa nos apoyamos en nuestra firma aliada de abogados (PTG Abogados S.A.S.), quien se encarga de realizar la cobranza extrajudicial y estar\u00e1 en constante comunicaci\u00f3n con todas las fuentes de pago. Te comunicaremos en todo momento lo que nos sea informado.<\/p>\n\n\n\n<p><h5 style=\"text-align:left;color:#7B00CD;\">4. \u00bfDebo asumir alg\u00fan costo si la subasta en la que compr\u00e9 entra en mora?<\/h5><\/p>\n\n\n\n<p>La gesti\u00f3n de cobranza no representa costo adicional para ti como comprador de la factura, ya que estos valores ser\u00e1n descontados de los dineros recuperados por la firma aliada.<\/p>\n","protected":false},"excerpt":{"rendered":"<p>\u00bfQu\u00e9 pasa si tu subasta entra en mora en Mesfix? 4 preguntas y respuestas sobre el proceso de pago de las facturas que compras El riesgo es inherente a todas las inversiones que realices. Por esta raz\u00f3n, aunque en Mesfix llevamos a cabo un proceso de estudio muy riguroso para conocer con qui\u00e9n operamos y &#8230;<\/p>\n","protected":false},"author":1,"featured_media":0,"parent":0,"menu_order":0,"comment_status":"closed","ping_status":"closed","template":"","meta":[],"_links":{"self":[{"href":"https:\/\/mesfix.com\/blog\/wp-json\/wp\/v2\/pages\/4577"}],"collection":[{"href":"https:\/\/mesfix.com\/blog\/wp-json\/wp\/v2\/pages"}],"about":[{"href":"https:\/\/mesfix.com\/blog\/wp-json\/wp\/v2\/types\/page"}],"author":[{"embeddable":true,"href":"https:\/\/mesfix.com\/blog\/wp-json\/wp\/v2\/users\/1"}],"replies":[{"embeddable":true,"href":"https:\/\/mesfix.com\/blog\/wp-json\/wp\/v2\/comments?post=4577"}],"version-history":[{"count":7,"href":"https:\/\/mesfix.com\/blog\/wp-json\/wp\/v2\/pages\/4577\/revisions"}],"predecessor-version":[{"id":4591,"href":"https:\/\/mesfix.com\/blog\/wp-json\/wp\/v2\/pages\/4577\/revisions\/4591"}],"wp:attachment":[{"href":"https:\/\/mesfix.com\/blog\/wp-json\/wp\/v2\/media?parent=4577"}],"curies":[{"name":"wp","href":"https:\/\/api.w.org\/{rel}","templated":true}]}}